{"id":80,"date":"2014-11-21T11:22:09","date_gmt":"2014-11-21T11:22:09","guid":{"rendered":"http:\/\/online.kcp.de\/?page_id=80"},"modified":"2018-05-19T04:42:23","modified_gmt":"2018-05-19T04:42:23","slug":"service-unterstuetzung","status":"publish","type":"page","link":"http:\/\/online.kcp.de\/?page_id=80","title":{"rendered":"Service &#8211; Unterst\u00fctzung"},"content":{"rendered":"<p>Wir unterst\u00fctzen Sie:<\/p>\n<ul>\n<li>VOR-ORT-SERVICE<\/li>\n<li>Telefonservice<\/li>\n<li>Fernwartung<\/li>\n<\/ul>\n<p>oder nutzen Sie unser <a title=\"KCP Help Desk Ticket-System\" href=\"https:\/\/www.kcp.de\/service\" target=\"_blank\" rel=\"noopener\">HelpDesk Ticket-System<\/a><\/p>\n<p>Ihr Anruf gen\u00fcgt und wir finden eine L\u00f6sung.<\/p>\n<p><!-- TeamViewer Logo (generated at http:\/\/www.teamviewer.com) --><\/p>\n<div style=\"position: relative; width: 234px; height: 60px;\"><a style=\"text-decoration: none;\" href=\"http:\/\/hilfe.kcp.de\" target=\"_blank\" rel=\"noopener\">Hier k\u00f6nnen Sie unser Fernwartungsprogramm herunterladen<br \/>\n<img loading=\"lazy\" decoding=\"async\" title=\"KCP Support\" src=\"http:\/\/www.teamviewer.com\/link\/?url=232691&amp;id=1669892807\" alt=\"KCP Support\" width=\"234\" height=\"60\" border=\"0\" \/><br \/>\n<span style=\"position: absolute; top: 30.5px; left: 60px; display: block; cursor: pointer; color: white; font-family: Arial; font-size: 12px; line-height: 1.2em; font-weight: bold; text-align: center; width: 169px;\"><br \/>\nKCP Support<br \/>\n<\/span><br \/>\n<\/a><\/div>\n","protected":false},"excerpt":{"rendered":"<p>Wir unterst\u00fctzen Sie: VOR-ORT-SERVICE Telefonservice Fernwartung oder nutzen Sie unser HelpDesk Ticket-System Ihr Anruf gen\u00fcgt und wir finden eine L\u00f6sung. Hier k\u00f6nnen Sie unser Fernwartungsprogramm herunterladen KCP Support<\/p>\n","protected":false},"author":1,"featured_media":0,"parent":0,"menu_order":0,"comment_status":"closed","ping_status":"closed","template":"","meta":{"footnotes":""},"class_list":["post-80","page","type-page","status-publish","hentry"],"_links":{"self":[{"href":"http:\/\/online.kcp.de\/index.php?rest_route=\/wp\/v2\/pages\/80","targetHints":{"allow":["GET"]}}],"collection":[{"href":"http:\/\/online.kcp.de\/index.php?rest_route=\/wp\/v2\/pages"}],"about":[{"href":"http:\/\/online.kcp.de\/index.php?rest_route=\/wp\/v2\/types\/page"}],"author":[{"embeddable":true,"href":"http:\/\/online.kcp.de\/index.php?rest_route=\/wp\/v2\/users\/1"}],"replies":[{"embeddable":true,"href":"http:\/\/online.kcp.de\/index.php?rest_route=%2Fwp%2Fv2%2Fcomments&post=80"}],"version-history":[{"count":5,"href":"http:\/\/online.kcp.de\/index.php?rest_route=\/wp\/v2\/pages\/80\/revisions"}],"predecessor-version":[{"id":101,"href":"http:\/\/online.kcp.de\/index.php?rest_route=\/wp\/v2\/pages\/80\/revisions\/101"}],"wp:attachment":[{"href":"http:\/\/online.kcp.de\/index.php?rest_route=%2Fwp%2Fv2%2Fmedia&parent=80"}],"curies":[{"name":"wp","href":"https:\/\/api.w.org\/{rel}","templated":true}]}}